{"id":80,"date":"2020-06-16T21:10:06","date_gmt":"2020-06-17T02:10:06","guid":{"rendered":"https:\/\/www.escape60.com.mx\/shop\/?post_type=product&#038;p=80"},"modified":"2023-06-09T19:20:45","modified_gmt":"2023-06-10T00:20:45","slug":"escape60home","status":"publish","type":"product","link":"https:\/\/escape60.com.mx\/shop\/product\/escape60home\/","title":{"rendered":"escape60@home Cap\u00edtulo 1:  Arte bajo ataque"},"content":{"rendered":"","protected":false},"excerpt":{"rendered":"<p dir=\"ltr\"><span id=\"text_r_56l-oksY1\" class=\"\">E<\/span><span id=\"text_r_56l-oksY1\" class=\"\">s una aventura un tanto diferente a lo que te tenemos acostumbrado respecto a los cuartos de escape.<\/span><\/p>\n<p dir=\"ltr\"><span id=\"text_lzfvUuyWM05\" class=\"\">Ahora decidimos meter toda esa experiencia dentro de una caja.<\/span><\/p>\n<p id=\"paragraph_MjHkSsWyzdB\" dir=\"ltr\"><span id=\"text_hmiYUr2xEs1\" class=\"\">En el paquete encontrar\u00e1s documentos y objetos que significar\u00e1n el inicio de una divertida y desafiante aventura.<\/span><\/p>\n<p id=\"paragraph_9qHkSsmyzdB\" dir=\"ltr\"><span id=\"text_qhH0Q55JYr2\" class=\"\">Resuelve acertijos, descifra c\u00f3digos secretos o mensajes ocultos y deja que tu mente inicie un viaje sin salir de casa.<\/span><\/p>\n<p id=\"paragraph_8MIkSs0__eB\" dir=\"ltr\"><span id=\"text_fH799ZgKNn6\" class=\"\">Puedes jugar en equipo, o en solitario&#8230; \u00a1T\u00fa decides!<\/span><\/p>\n<p dir=\"ltr\">(Dise\u00f1o de la caja puede variar a las im\u00e1genes aqu\u00ed mostradas)<\/p>\n<p dir=\"ltr\">Env\u00edo incluido a todo M\u00e9xico<\/p>\n","protected":false},"featured_media":81,"comment_status":"open","ping_status":"closed","template":"","meta":{"_coblocks_attr":"","_coblocks_dimensions":"","_coblocks_responsive_height":"","_coblocks_accordion_ie_support":""},"product_cat":[17],"product_tag":[],"_links":{"self":[{"href":"https:\/\/escape60.com.mx\/shop\/wp-json\/wp\/v2\/product\/80"}],"collection":[{"href":"https:\/\/escape60.com.mx\/shop\/wp-json\/wp\/v2\/product"}],"about":[{"href":"https:\/\/escape60.com.mx\/shop\/wp-json\/wp\/v2\/types\/product"}],"replies":[{"embeddable":true,"href":"https:\/\/escape60.com.mx\/shop\/wp-json\/wp\/v2\/comments?post=80"}],"wp:featuredmedia":[{"embeddable":true,"href":"https:\/\/escape60.com.mx\/shop\/wp-json\/wp\/v2\/media\/81"}],"wp:attachment":[{"href":"https:\/\/escape60.com.mx\/shop\/wp-json\/wp\/v2\/media?parent=80"}],"wp:term":[{"taxonomy":"product_cat","embeddable":true,"href":"https:\/\/escape60.com.mx\/shop\/wp-json\/wp\/v2\/product_cat?post=80"},{"taxonomy":"product_tag","embeddable":true,"href":"https:\/\/escape60.com.mx\/shop\/wp-json\/wp\/v2\/product_tag?post=80"}],"curies":[{"name":"wp","href":"https:\/\/api.w.org\/{rel}","templated":true}]}}